{"id":3,"date":"2025-03-24T06:27:05","date_gmt":"2025-03-24T06:27:05","guid":{"rendered":"https:\/\/junkmadlove.fi\/?page_id=3"},"modified":"2025-06-25T11:03:04","modified_gmt":"2025-06-25T11:03:04","slug":"privacy-policy","status":"publish","type":"page","link":"https:\/\/junkmadlove.fi\/?page_id=3","title":{"rendered":"Tietosuojaseloste"},"content":{"rendered":"\t\t<div data-elementor-type=\"wp-page\" data-elementor-id=\"3\" class=\"elementor elementor-3\" data-elementor-post-type=\"page\">\n\t\t\t\t<div class=\"elementor-element elementor-element-45bb800f e-flex e-con-boxed e-con e-parent\" data-id=\"45bb800f\" data-element_type=\"container\">\n\t\t\t\t\t<div class=\"e-con-inner\">\n\t\t\t\t<div class=\"elementor-element elementor-element-796c8d84 elementor-widget elementor-widget-text-editor\" data-id=\"796c8d84\" data-element_type=\"widget\" data-widget_type=\"text-editor.default\">\n\t\t\t\t<div class=\"elementor-widget-container\">\n\t\t\t\t\t\t\t\t\t\n<div class=\"section-header\">\n<div class=\"container\">\n<div class=\"title-container animation-animated animation-fadeInUp\" data-aos=\"animation-fadeInUp\" data-aos-anchor=\".section-page\" data-aos-delay=\"\">\n<h1 class=\"title wp-block-heading\">Tietosuojaseloste<\/h1>\n<\/div>\n<\/div>\n<\/div>\n<div class=\"section-content\">\n<div class=\"container\">\n<div class=\"animation-animated animation-fadeInUp\" data-aos=\"animation-fadeInUp\" data-aos-anchor=\".section-page\" data-aos-delay=\"\">\n<div class=\"fr-view\">\n<h3>Rekisterinpit\u00e4j\u00e4<\/h3>\n<p>JunkMadLove(3468402-5)<br \/>Lepp\u00e4kertuntie 10<br \/>53650 Lappeenranta<\/p>\n<p>junkmadlove@gmail.com<\/p>\n<h3>Mit\u00e4 tietoja ker\u00e4t\u00e4\u00e4n?<\/h3>\n<p>Asiakasrekisteriin tallennetaan asiakkaan etunimi, sukunimi, katuosoite, postinumero, postitoimipaikka, maa, s\u00e4hk\u00f6postiosoite, puhelinnumero, asioidessa k\u00e4ytetty kieli ja asioidessa k\u00e4ytetty valuutta. Yritysasiakkaalta tallennetaan lis\u00e4ksi yrityksen nimi, y-tunnus ja verotunnus.<\/p>\n<p>Lis\u00e4ksi verkkokaupan tilaustietoihin tallennetaan asiakkaan tilauksen yhteydess\u00e4 antamat tiedot, kuten tilauksen tuotesis\u00e4lt\u00f6, maksutapa ja toimitustapa.<\/p>\n<h3>Mihin henkil\u00f6tietoja k\u00e4ytet\u00e4\u00e4n?<\/h3>\n<p>Henkil\u00f6tietoja k\u00e4ytet\u00e4\u00e4n:<\/p>\n<ul>\n<li>Asiakassuhteen hoitamiseen<\/li>\n<li>Tilauksen toimitukseen ja k\u00e4sittelyyn, sek\u00e4 arkistointiin<\/li>\n<li>Tilastollisiin tarkoituksiin<\/li>\n<li>Markkinointitarkoituksiin<\/li>\n<\/ul>\n<p>Henkil\u00f6tietojen k\u00e4sittelyn oikeusperusteena on sopimus, suostumus tai oikeutettu etu.<\/p>\n<p>Henkil\u00f6tietojen k\u00e4sittelyss\u00e4 on huomioitu 25.5.2018 alkaen noudatettavan EU:n tietosuoja-asetuksen asettamat vaatimukset.<\/p>\n<h3>Kuinka kauan henkil\u00f6tietoja s\u00e4ilytet\u00e4\u00e4n?<\/h3>\n<p>Henkil\u00f6tietoja s\u00e4ilytet\u00e4\u00e4n niin kauan, kuin on tarpeellista rekisterin k\u00e4ytt\u00f6tarkoitusten toteuttamiseksi.<\/p>\n<p>Lis\u00e4ksi joitain tietoja voidaan s\u00e4ilytt\u00e4\u00e4 kauemmin niilt\u00e4 osin kuin se on tarpeen laissa asetettujen velvollisuuksien, kuten kirjanpitoa ja kuluttajakauppaa koskevien vastuiden hoitamiseksi.<\/p>\n<h3>Tietojen luovutus kolmansille osapuolille<\/h3>\n<p>Verkkokaupan toiminnan mahdollistamiseksi henkil\u00f6tietoja luovutetaan logistiikka- ja maksupalvelukumppaneille.<\/p>\n<h3>Asiakkaan oikeudet<\/h3>\n<p>Asiakkaana sinulla on seuraavat oikeudet:<\/p>\n<ul>\n<li>Oikeus tarkistaa tiedot\u00a0<\/li>\n<li>Oikeus korjata tietoja<\/li>\n<li>Oikeus peruuttaa suostumus\u00a0<\/li>\n<li>Oikeus pyyt\u00e4\u00e4 poistamaan tiedot<\/li>\n<\/ul>\n<\/div>\n<\/div>\n<\/div>\n<\/div>\t\t\t\t\t\t\t\t<\/div>\n\t\t\t\t<\/div>\n\t\t\t\t\t<\/div>\n\t\t\t\t<\/div>\n\t\t\t\t<\/div>\n\t\t","protected":false},"excerpt":{"rendered":"<p>Tietosuojaseloste Rekisterinpit\u00e4j\u00e4 JunkMadLove(3468402-5)Lepp\u00e4kertuntie 1053650 Lappeenranta junkmadlove@gmail.com Mit\u00e4 tietoja ker\u00e4t\u00e4\u00e4n? Asiakasrekisteriin tallennetaan asiakkaan etunimi, sukunimi, katuosoite, postinumero, postitoimipaikka, maa, s\u00e4hk\u00f6postiosoite, puhelinnumero, asioidessa k\u00e4ytetty kieli ja asioidessa k\u00e4ytetty valuutta. Yritysasiakkaalta tallennetaan lis\u00e4ksi yrityksen nimi, y-tunnus ja verotunnus. Lis\u00e4ksi verkkokaupan tilaustietoihin tallennetaan asiakkaan tilauksen yhteydess\u00e4 antamat tiedot, kuten tilauksen tuotesis\u00e4lt\u00f6, maksutapa ja toimitustapa. Mihin henkil\u00f6tietoja k\u00e4ytet\u00e4\u00e4n? Henkil\u00f6tietoja k\u00e4ytet\u00e4\u00e4n: [&hellip;]<\/p>\n","protected":false},"author":1,"featured_media":0,"parent":0,"menu_order":0,"comment_status":"closed","ping_status":"open","template":"","meta":{"footnotes":""},"class_list":["post-3","page","type-page","status-publish","hentry"],"yoast_head":"<!-- This site is optimized with the Yoast SEO plugin v25.2 - https:\/\/yoast.com\/wordpress\/plugins\/seo\/ -->\n<title>Tietosuojaseloste - Junk Mad Love<\/title>\n<meta name=\"robots\" content=\"index, follow, max-snippet:-1, max-image-preview:large, max-video-preview:-1\" \/>\n<link rel=\"canonical\" href=\"https:\/\/junkmadlove.fi\/?page_id=3\" \/>\n<meta property=\"og:locale\" content=\"fi_FI\" \/>\n<meta property=\"og:type\" content=\"article\" \/>\n<meta property=\"og:title\" content=\"Tietosuojaseloste - Junk Mad Love\" \/>\n<meta property=\"og:description\" content=\"Tietosuojaseloste Rekisterinpit\u00e4j\u00e4 JunkMadLove(3468402-5)Lepp\u00e4kertuntie 1053650 Lappeenranta junkmadlove@gmail.com Mit\u00e4 tietoja ker\u00e4t\u00e4\u00e4n? Asiakasrekisteriin tallennetaan asiakkaan etunimi, sukunimi, katuosoite, postinumero, postitoimipaikka, maa, s\u00e4hk\u00f6postiosoite, puhelinnumero, asioidessa k\u00e4ytetty kieli ja asioidessa k\u00e4ytetty valuutta. Yritysasiakkaalta tallennetaan lis\u00e4ksi yrityksen nimi, y-tunnus ja verotunnus. Lis\u00e4ksi verkkokaupan tilaustietoihin tallennetaan asiakkaan tilauksen yhteydess\u00e4 antamat tiedot, kuten tilauksen tuotesis\u00e4lt\u00f6, maksutapa ja toimitustapa. Mihin henkil\u00f6tietoja k\u00e4ytet\u00e4\u00e4n? Henkil\u00f6tietoja k\u00e4ytet\u00e4\u00e4n: [&hellip;]\" \/>\n<meta property=\"og:url\" content=\"https:\/\/junkmadlove.fi\/?page_id=3\" \/>\n<meta property=\"og:site_name\" content=\"Junk Mad Love\" \/>\n<meta property=\"article:publisher\" content=\"https:\/\/www.instagram.com\/seiccu7\/\" \/>\n<meta property=\"article:modified_time\" content=\"2025-06-25T11:03:04+00:00\" \/>\n<meta name=\"twitter:card\" content=\"summary_large_image\" \/>\n<meta name=\"twitter:label1\" content=\"Arvioitu lukuaika\" \/>\n\t<meta name=\"twitter:data1\" content=\"1 minuutti\" \/>\n<script type=\"application\/ld+json\" class=\"yoast-schema-graph\">{\"@context\":\"https:\/\/schema.org\",\"@graph\":[{\"@type\":\"WebPage\",\"@id\":\"https:\/\/junkmadlove.fi\/?page_id=3\",\"url\":\"https:\/\/junkmadlove.fi\/?page_id=3\",\"name\":\"Tietosuojaseloste - Junk Mad Love\",\"isPartOf\":{\"@id\":\"https:\/\/junkmadlove.fi\/#website\"},\"datePublished\":\"2025-03-24T06:27:05+00:00\",\"dateModified\":\"2025-06-25T11:03:04+00:00\",\"breadcrumb\":{\"@id\":\"https:\/\/junkmadlove.fi\/?page_id=3#breadcrumb\"},\"inLanguage\":\"fi\",\"potentialAction\":[{\"@type\":\"ReadAction\",\"target\":[\"https:\/\/junkmadlove.fi\/?page_id=3\"]}]},{\"@type\":\"BreadcrumbList\",\"@id\":\"https:\/\/junkmadlove.fi\/?page_id=3#breadcrumb\",\"itemListElement\":[{\"@type\":\"ListItem\",\"position\":1,\"name\":\"Etusivu\",\"item\":\"https:\/\/junkmadlove.fi\/\"},{\"@type\":\"ListItem\",\"position\":2,\"name\":\"Tietosuojaseloste\"}]},{\"@type\":\"WebSite\",\"@id\":\"https:\/\/junkmadlove.fi\/#website\",\"url\":\"https:\/\/junkmadlove.fi\/\",\"name\":\"Junk Mad Love\",\"description\":\"\",\"publisher\":{\"@id\":\"https:\/\/junkmadlove.fi\/#organization\"},\"potentialAction\":[{\"@type\":\"SearchAction\",\"target\":{\"@type\":\"EntryPoint\",\"urlTemplate\":\"https:\/\/junkmadlove.fi\/?s={search_term_string}\"},\"query-input\":{\"@type\":\"PropertyValueSpecification\",\"valueRequired\":true,\"valueName\":\"search_term_string\"}}],\"inLanguage\":\"fi\"},{\"@type\":\"Organization\",\"@id\":\"https:\/\/junkmadlove.fi\/#organization\",\"name\":\"Junk Mad Love\",\"url\":\"https:\/\/junkmadlove.fi\/\",\"logo\":{\"@type\":\"ImageObject\",\"inLanguage\":\"fi\",\"@id\":\"https:\/\/junkmadlove.fi\/#\/schema\/logo\/image\/\",\"url\":\"https:\/\/junkmadlove.fi\/wp-content\/uploads\/2025\/03\/cropped-JML-vector-22092024-WEB-LOGO-scaled-1.jpg\",\"contentUrl\":\"https:\/\/junkmadlove.fi\/wp-content\/uploads\/2025\/03\/cropped-JML-vector-22092024-WEB-LOGO-scaled-1.jpg\",\"width\":512,\"height\":512,\"caption\":\"Junk Mad Love\"},\"image\":{\"@id\":\"https:\/\/junkmadlove.fi\/#\/schema\/logo\/image\/\"},\"sameAs\":[\"https:\/\/www.instagram.com\/seiccu7\/\"]}]}<\/script>\n<!-- \/ Yoast SEO plugin. -->","yoast_head_json":{"title":"Tietosuojaseloste - Junk Mad Love","robots":{"index":"index","follow":"follow","max-snippet":"max-snippet:-1","max-image-preview":"max-image-preview:large","max-video-preview":"max-video-preview:-1"},"canonical":"https:\/\/junkmadlove.fi\/?page_id=3","og_locale":"fi_FI","og_type":"article","og_title":"Tietosuojaseloste - Junk Mad Love","og_description":"Tietosuojaseloste Rekisterinpit\u00e4j\u00e4 JunkMadLove(3468402-5)Lepp\u00e4kertuntie 1053650 Lappeenranta junkmadlove@gmail.com Mit\u00e4 tietoja ker\u00e4t\u00e4\u00e4n? Asiakasrekisteriin tallennetaan asiakkaan etunimi, sukunimi, katuosoite, postinumero, postitoimipaikka, maa, s\u00e4hk\u00f6postiosoite, puhelinnumero, asioidessa k\u00e4ytetty kieli ja asioidessa k\u00e4ytetty valuutta. Yritysasiakkaalta tallennetaan lis\u00e4ksi yrityksen nimi, y-tunnus ja verotunnus. Lis\u00e4ksi verkkokaupan tilaustietoihin tallennetaan asiakkaan tilauksen yhteydess\u00e4 antamat tiedot, kuten tilauksen tuotesis\u00e4lt\u00f6, maksutapa ja toimitustapa. Mihin henkil\u00f6tietoja k\u00e4ytet\u00e4\u00e4n? Henkil\u00f6tietoja k\u00e4ytet\u00e4\u00e4n: [&hellip;]","og_url":"https:\/\/junkmadlove.fi\/?page_id=3","og_site_name":"Junk Mad Love","article_publisher":"https:\/\/www.instagram.com\/seiccu7\/","article_modified_time":"2025-06-25T11:03:04+00:00","twitter_card":"summary_large_image","twitter_misc":{"Arvioitu lukuaika":"1 minuutti"},"schema":{"@context":"https:\/\/schema.org","@graph":[{"@type":"WebPage","@id":"https:\/\/junkmadlove.fi\/?page_id=3","url":"https:\/\/junkmadlove.fi\/?page_id=3","name":"Tietosuojaseloste - Junk Mad Love","isPartOf":{"@id":"https:\/\/junkmadlove.fi\/#website"},"datePublished":"2025-03-24T06:27:05+00:00","dateModified":"2025-06-25T11:03:04+00:00","breadcrumb":{"@id":"https:\/\/junkmadlove.fi\/?page_id=3#breadcrumb"},"inLanguage":"fi","potentialAction":[{"@type":"ReadAction","target":["https:\/\/junkmadlove.fi\/?page_id=3"]}]},{"@type":"BreadcrumbList","@id":"https:\/\/junkmadlove.fi\/?page_id=3#breadcrumb","itemListElement":[{"@type":"ListItem","position":1,"name":"Etusivu","item":"https:\/\/junkmadlove.fi\/"},{"@type":"ListItem","position":2,"name":"Tietosuojaseloste"}]},{"@type":"WebSite","@id":"https:\/\/junkmadlove.fi\/#website","url":"https:\/\/junkmadlove.fi\/","name":"Junk Mad Love","description":"","publisher":{"@id":"https:\/\/junkmadlove.fi\/#organization"},"potentialAction":[{"@type":"SearchAction","target":{"@type":"EntryPoint","urlTemplate":"https:\/\/junkmadlove.fi\/?s={search_term_string}"},"query-input":{"@type":"PropertyValueSpecification","valueRequired":true,"valueName":"search_term_string"}}],"inLanguage":"fi"},{"@type":"Organization","@id":"https:\/\/junkmadlove.fi\/#organization","name":"Junk Mad Love","url":"https:\/\/junkmadlove.fi\/","logo":{"@type":"ImageObject","inLanguage":"fi","@id":"https:\/\/junkmadlove.fi\/#\/schema\/logo\/image\/","url":"https:\/\/junkmadlove.fi\/wp-content\/uploads\/2025\/03\/cropped-JML-vector-22092024-WEB-LOGO-scaled-1.jpg","contentUrl":"https:\/\/junkmadlove.fi\/wp-content\/uploads\/2025\/03\/cropped-JML-vector-22092024-WEB-LOGO-scaled-1.jpg","width":512,"height":512,"caption":"Junk Mad Love"},"image":{"@id":"https:\/\/junkmadlove.fi\/#\/schema\/logo\/image\/"},"sameAs":["https:\/\/www.instagram.com\/seiccu7\/"]}]}},"_links":{"self":[{"href":"https:\/\/junkmadlove.fi\/index.php?rest_route=\/wp\/v2\/pages\/3","targetHints":{"allow":["GET"]}}],"collection":[{"href":"https:\/\/junkmadlove.fi\/index.php?rest_route=\/wp\/v2\/pages"}],"about":[{"href":"https:\/\/junkmadlove.fi\/index.php?rest_route=\/wp\/v2\/types\/page"}],"author":[{"embeddable":true,"href":"https:\/\/junkmadlove.fi\/index.php?rest_route=\/wp\/v2\/users\/1"}],"replies":[{"embeddable":true,"href":"https:\/\/junkmadlove.fi\/index.php?rest_route=%2Fwp%2Fv2%2Fcomments&post=3"}],"version-history":[{"count":7,"href":"https:\/\/junkmadlove.fi\/index.php?rest_route=\/wp\/v2\/pages\/3\/revisions"}],"predecessor-version":[{"id":168,"href":"https:\/\/junkmadlove.fi\/index.php?rest_route=\/wp\/v2\/pages\/3\/revisions\/168"}],"wp:attachment":[{"href":"https:\/\/junkmadlove.fi\/index.php?rest_route=%2Fwp%2Fv2%2Fmedia&parent=3"}],"curies":[{"name":"wp","href":"https:\/\/api.w.org\/{rel}","templated":true}]}}